{"id":40,"date":"2019-10-31T14:14:52","date_gmt":"2019-10-31T14:14:52","guid":{"rendered":"http:\/\/wadokai.ee\/?page_id=40"},"modified":"2024-11-21T10:17:31","modified_gmt":"2024-11-21T10:17:31","slug":"kalender","status":"publish","type":"page","link":"http:\/\/www.wadokai.ee\/en\/kalender\/","title":{"rendered":"KALENDER"},"content":{"rendered":"<section class=\"kc-elm kc-css-446397 kc_row\"><div class=\"kc-row-container  kc-container\"><div class=\"kc-wrap-columns\"><div class=\"kc-elm kc-css-408847 kc_col-sm-12 kc_column kc_col-sm-12\"><div class=\"kc-col-container\"><div class=\"kc-elm kc-css-425857 kc-raw-code\">[MEC id=\"75\"]<\/div><\/div><\/div><\/div><\/div><\/section><section class=\"kc-elm kc-css-481650 kc_row\"><div class=\"kc-row-container  kc-container\"><div class=\"kc-wrap-columns\"><div class=\"kc-elm kc-css-34121 kc_col-sm-12 kc_column kc_col-sm-12\"><div class=\"kc-col-container\"><div class=\"kc-elm kc-css-790945 kc_text_block\"><p><strong>Wadokai Estonia talvelaager toimub 13-15.detsembril 2024.a Pelgulinna Riigig\u00fcmnaasiumi spordisaalis, Kolde pst 67a, Tallinn.<\/strong><\/p>\n<div><b>Ajakava:<\/b><\/div>\n<div>\u00a0<\/div>\n<div><b>Reede 13.detsember<\/b><\/div>\n<div>18.00-19.30 &#8211; treening<\/div>\n<div>\u00a0<\/div>\n<div><b>Laup\u00e4ev 14.detsember<\/b><\/div>\n<div>10.00-12.00 &#8211; treening<\/div>\n<div>12.00-13.30 &#8211; l\u00f5una<\/div>\n<div>13.30-15.00 &#8211; treening<\/div>\n<div>15.20-16.45 &#8211; treening (k\u00f5rgemad v\u00f6\u00f6d alates 6.kyu)<\/div>\n<div>\u00a0<\/div>\n<div><b>P\u00fchap\u00e4ev 15.detsember<\/b><\/div>\n<div>10.00-11.00 &#8211; treening<\/div>\n<div>11.30-14.00 &#8211; v\u00f6\u00f6eksamid<\/div>\n<div>\u00a0<\/div>\n<div>Laagri juhendajad: <b>Kajar Help (6.dan), Mairo Kullisaar (5.dan), Jaanus Sulg (5.dan), Antti Haljak (5.dan), Madis Sinimets (4.dan)<\/b><\/div>\n<div>\u00a0<\/div>\n<div><b>Laagri maksumus:\u00a0<\/b><\/div>\n<div><b>40\u20ac<\/b> &#8211; kogu laager<\/div>\n<div><b>35\u20ac<\/b> &#8211; 2 p\u00e4eva<\/div>\n<div><b>Laagris osalemise registreerimisevorm saata hiljemalt 6.detsembriks 2024.a.<\/b>\u00a0<\/div>\n<div>Laagritasu tasuda sularahas kohapeal.<\/div>\n<div>Hilisemal registreerimisel laagrisse lisandub 10\u20ac laagritasule.<\/div>\n<div>\u00a0<\/div>\n<div>Lisainfo: <b>Kajar Help, +372 5079497, kajar@wadokai.ee \u00a0<\/b><\/div>\n<div>\u00a0<\/div>\n<p><strong>Registreerimine kuni 6.detsembrini.<\/strong><\/p>\n<p>Registreerimiseks t\u00e4ida vorm <a href=\"https:\/\/docs.google.com\/forms\/d\/e\/1FAIpQLSfvu4up04rCrOh9YAViUire7okQJsUsFujfeu9ZYp6CWlpkMg\/viewform?usp=sf_link\"><strong>SIIN<\/strong><\/a><\/p>\n<\/div><div class=\"kc-elm kc-css-763524 kc_text_block\"><p><strong>Wadokai Estonia suvelaager toimub 28-30.juunil 2024.a Hiiumaa Spordikeskuses, P\u00f5llu 27, K\u00e4rdla, Hiiumaa.<\/strong><\/p>\n<div><b>Ajakava:<\/b><\/div>\n<div>\u00a0<\/div>\n<div><b>Reede 28.juuni<\/b><\/div>\n<div>16.00-18.00 &#8211; treening<\/div>\n<div>19.00 &#8211; \u00f5htus\u00f6\u00f6k<\/div>\n<div>\u00a0<\/div>\n<div><b>Laup\u00e4ev 29.juuni<\/b><\/div>\n<div>8.00 &#8211; \u00e4ratus<\/div>\n<div>8.30 &#8211; hommikus\u00f6\u00f6k<\/div>\n<div>10.30-12.30 &#8211; treening<\/div>\n<div>13.00 &#8211; l\u00f5una<\/div>\n<div>16.00-17.30 &#8211; treening<\/div>\n<div>17.45 &#8211; v\u00f6\u00f6eksam<\/div>\n<div>18.30 &#8211; \u00f5htus\u00f6\u00f6k<\/div>\n<div>\u00a0<\/div>\n<div><b>P\u00fchap\u00e4ev 30.juuni<\/b><\/div>\n<div>8.00 &#8211; \u00e4ratus<\/div>\n<div>8.30 &#8211; hommikus\u00f6\u00f6k<\/div>\n<div>10.00-11.45 &#8211; treening<\/div>\n<div>12.00 &#8211; l\u00f5una<\/div>\n<div>Laagri l\u00f5petamine<\/div>\n<div>\u00a0<\/div>\n<div>Laagri juhendajad: <b>Kajar Help (6.dan), Mairo Kullisaar (5.dan), Jaanus Sulg (5.dan), Madis Sinimets (4.dan)<\/b><\/div>\n<div>\u00a0<\/div>\n<div><b>Laagri maksumus:\u00a0<\/b><\/div>\n<div><b>95\u20ac<\/b> &#8211; sisaldab treeninguid, \u00f6\u00f6bimist, toitlustust 3x p\u00e4evas.<\/div>\n<div><b>75\u20ac<\/b> &#8211; 2 p\u00e4eva<\/div>\n<div><b>Laagris osalemise registreerimisevorm saata hiljemalt 11.juuniks 2024.a.<\/b> Peale registreerimist tasuda laagri maksumusest 55\u20ac MT\u00dc Wadokai Estonia pangakontole EE242200221014300232 Swedbank. Makse saajaks on Wadokai Estonia. \u00dclej\u00e4\u00e4nud laagritasu tasuda sularahas kohapeal.<\/div>\n<div>\u00a0<\/div>\n<div>Lisainfo: <b>Kajar Help, +372 5079497, kajar@wadokai.ee \u00a0<\/b><\/div>\n<div>\u00a0<\/div>\n<p><strong>Registreerimine kuni 11.juunini.<\/strong><\/p>\n<p>Registreerimiseks t\u00e4ida vorm \u00a0<strong><a href=\"https:\/\/forms.gle\/2Zuyhk74TjAdkmPH6\">SIIN<\/a><\/strong><\/p>\n<p>English registration <a href=\"https:\/\/forms.gle\/LBarHWBs415G41tZ8\"><strong>HERE<\/strong><\/a><\/p>\n<p>Lisainfo: <a href=\"https:\/\/www.facebook.com\/events\/797971632185384?acontext=%7B%22event_action_history%22%3A&#091;%7B%22surface%22%3A%22group%22%7D&#093;%7D\"><b>Wadokai FB<\/b><\/a><\/p>\n<\/div><div class=\"kc-elm kc-css-440515\" style=\"height: 20px; clear: both; width:100%;\"><\/div><div class=\"kc-elm kc-css-715369 kc_text_block\"><h3><strong>Talvelaager 2023<\/strong><\/h3>\n<p>Laager sobib k\u00f5ikidele karate harrastajatele ja v\u00f6\u00f6tasemetele!<\/p>\n<p><strong>Korraldajad:<\/strong><\/p>\n<p>Wadokai Estonia ja V\u00f5itluskunstide klubi Budokan<\/p>\n<p><strong>Aeg:<\/strong> 2-3.detsember 2023<\/p>\n<p><strong>Koht:<\/strong> Tallinna Pelgulinna Riigig\u00fcmnaasiumi v\u00f5imla<\/p>\n<p>Kolde pst 67a, Tallinn<\/p>\n<p><strong>Kava:<\/strong><\/p>\n<p><strong>Laup\u00e4ev 2.detsember<\/strong><\/p>\n<p>10.00-12.00 treening<\/p>\n<p>12.00-13.30 l\u00f5una<\/p>\n<p>13.30-15.30 treening<\/p>\n<p><strong>P\u00fchap\u00e4ev 3.detsember<\/strong><\/p>\n<p>10.00-11.30 treening<\/p>\n<p>12.00-&#8230; v\u00f6\u00f6eksamid<\/p>\n<p><strong>Hinnad:<\/strong><\/p>\n<p>50\u20ac &#8211; 2 p\u00e4eva<\/p>\n<p>40\u20ac &#8211; 1 p\u00e4ev<\/p>\n<p><strong>Registreerimine laagrisse ja v\u00f6\u00f6eksamile kuni 27.novembrini e-mailile <\/strong>kajar@wadokai.ee\u00a0<\/p>\n<p><strong>Lisainfo:<\/strong> Kajar Help, kajar@wadokai.ee, mob 5079497<\/p>\n<\/div><div class=\"kc-elm kc-css-841190\" style=\"height: 20px; clear: both; width:100%;\"><\/div><div class=\"kc-elm kc-css-697572 kc_text_block\"><h3 style=\"text-align: left;\"><strong>Wadokai Estonia suvelaager 2023<\/strong><\/h3>\n<p>7-9.juuli\u00a0<\/p>\n<p>Hiiumaa Spordikeskus<\/p>\n<p>P\u00f5llu 27, K\u00e4rdla, Hiiumaa<\/p>\n<p><strong>Reede 7.juuli<\/strong><\/p>\n<p>16.00-18.00 treening<\/p>\n<p>19.00 \u00f5htus\u00f6\u00f6k<\/p>\n<p><b>Laup\u00e4ev 8.juuli<\/b><\/p>\n<p>8.30 hommikus\u00f6\u00f6k<\/p>\n<p>10.30-12.30 treening<\/p>\n<p>13.00 \u00a0 \u00a0 \u00a0 \u00a0 \u00a0 \u00a0 l\u00f5una<\/p>\n<p>16.00-18.00 treening<\/p>\n<p>18.30 \u00f5htus\u00f6\u00f6k<\/p>\n<p><b>P\u00fchap\u00e4ev 9.juuli<\/b><\/p>\n<p>8.30 hommikus\u00f6\u00f6k<\/p>\n<p>10.00-11.30 treening<\/p>\n<p>13.00 laagri l\u00f5petamine<\/p>\n<p><span style=\"font-style: inherit;\"><br \/><\/span><\/p>\n<p><span style=\"font-style: inherit;\">Laagri l\u00f5petamine<\/span><\/p>\n<p>Laagri juhendajad:<\/p>\n<p>Kajar Help 5.dan<\/p>\n<p>Antti Haljak 5.dan<\/p>\n<p>Madis Sinimets 4.dan<\/p>\n<p>Laagri maksumus:<\/p>\n<p><b>95 \u20ac <\/b>(sisaldab treeninguid, \u00f6\u00f6bimist, toitlustust 3x p\u00e4evas)<\/p>\n<p><b>75<\/b> \u20ac \/ 2 p\u00e4eva<\/p>\n<p><b>Laagrisse toimub registreerimine kuni 18.juunini 2023.a. Kinnitus saatke e-mailile <\/b><a href=\"mailto:kajar@wadokai.ee\">kajar@wadokai.ee<\/a>.<\/p>\n<p>Eelregistreerimisel tasuda laagri maksumusest 55\u20ac MT\u00dc Wadokai Estonia arveldusarvele EE242200221014300232 Swedbank.<\/p>\n<p>Makse saajaks Eesti Wadokai.<span class=\"Apple-converted-space\">\u00a0<\/span><\/p>\n<p>\u00dclej\u00e4\u00e4nud laagrimaksumus tasuda sularahas kohapeal.<\/p>\n<p>\u00d6\u00f6bimine toimub vooditega tubades.<\/p>\n<p>Lisainfo: <a href=\"mailto:kajar@wadokai.ee\">kajar@wadokai.ee<\/a> v\u00f5i +372 5079497<\/p>\n<\/div><\/div><\/div><\/div><\/div><\/section>","protected":false},"excerpt":{"rendered":"","protected":false},"author":1,"featured_media":0,"parent":0,"menu_order":0,"comment_status":"closed","ping_status":"closed","template":"page-fullwidth.php","meta":{"footnotes":""},"class_list":["post-40","page","type-page","status-publish","hentry"],"_links":{"self":[{"href":"http:\/\/www.wadokai.ee\/en\/wp-json\/wp\/v2\/pages\/40","targetHints":{"allow":["GET"]}}],"collection":[{"href":"http:\/\/www.wadokai.ee\/en\/wp-json\/wp\/v2\/pages"}],"about":[{"href":"http:\/\/www.wadokai.ee\/en\/wp-json\/wp\/v2\/types\/page"}],"author":[{"embeddable":true,"href":"http:\/\/www.wadokai.ee\/en\/wp-json\/wp\/v2\/users\/1"}],"replies":[{"embeddable":true,"href":"http:\/\/www.wadokai.ee\/en\/wp-json\/wp\/v2\/comments?post=40"}],"version-history":[{"count":0,"href":"http:\/\/www.wadokai.ee\/en\/wp-json\/wp\/v2\/pages\/40\/revisions"}],"wp:attachment":[{"href":"http:\/\/www.wadokai.ee\/en\/wp-json\/wp\/v2\/media?parent=40"}],"curies":[{"name":"wp","href":"https:\/\/api.w.org\/{rel}","templated":true}]}}